{"id":183,"date":"2020-03-01T07:09:49","date_gmt":"2020-03-01T07:09:49","guid":{"rendered":"https:\/\/bilet.az\/home-page\/"},"modified":"2022-06-25T18:36:57","modified_gmt":"2022-06-25T14:36:57","slug":"home-page","status":"publish","type":"page","link":"https:\/\/bilet.az\/ru\/","title":{"rendered":"Home Page"},"content":{"rendered":"<div class=\"wpb-content-wrapper\"><p>[vc_row full_width=&#8221;stretch_row_content_no_spaces&#8221;][vc_column][granitas_home_slider image=&#8221;31&#8243; title=&#8221;\u041a\u0443\u0434\u0430 \u0431\u044b \u0432\u044b \u0445\u043e\u0442\u0435\u043b\u0438 \u043f\u043e\u043b\u0435\u0442\u0435\u0442\u044c?&#8221;]<script charset=\"utf-8\" src=\"\/\/www.travelpayouts.com\/widgets\/c832793073eb2ffbaccf899c6b513bd4.js?v=2195\" async><\/script>[\/granitas_home_slider][granitas_logos css=&#8221;.vc_custom_1583057976096{padding-top: 50px !important;padding-bottom: 50px !important;}&#8221;][granitas_advantages title=&#8221;\u041f\u041e\u0427\u0415\u041c\u0423 \u041c\u042b?&#8221; css=&#8221;.vc_custom_1591021949837{padding-top: 30px !important;padding-bottom: 50px !important;}&#8221;][granitas_destinations title=&#8221;M\u018f\u015eHUR \u0130ST\u0130QAM\u018fTL\u018fR&#8221; css=&#8221;.vc_custom_1583776921267{padding-top: 30px !important;padding-bottom: 50px !important;}&#8221; link=&#8221;url:https%3A%2F%2Fbilet.az%2Fdestinations|||&#8221;][granitas_news title=&#8221;BLOG&#8221; link=&#8221;url:https%3A%2F%2Fbilet.az%2Fblog%2F|title:Blog||&#8221;][\/vc_column][\/vc_row]<\/p>\n<\/div>","protected":false},"excerpt":{"rendered":"<p>[vc_row full_width=&#8221;stretch_row_content_no_spaces&#8221;][vc_column][granitas_home_slider image=&#8221;31&#8243; title=&#8221;\u041a\u0443\u0434\u0430 \u0431\u044b \u0432\u044b \u0445\u043e\u0442\u0435\u043b\u0438 \u043f\u043e\u043b\u0435\u0442\u0435\u0442\u044c?&#8221;][\/granitas_home_slider][granitas_logos css=&#8221;.vc_custom_1583057976096{padding-top: 50px !important;padding-bottom: 50px !important;}&#8221;][granitas_advantages title=&#8221;\u041f\u041e\u0427\u0415\u041c\u0423 \u041c\u042b?&#8221; css=&#8221;.vc_custom_1591021949837{padding-top: 30px !important;padding-bottom: 50px !important;}&#8221;][granitas_destinations title=&#8221;M\u018f\u015eHUR \u0130ST\u0130QAM\u018fTL\u018fR&#8221; css=&#8221;.vc_custom_1583776921267{padding-top: 30px !important;padding-bottom: 50px !important;}&#8221; link=&#8221;url:https%3A%2F%2Fbilet.az%2Fdestinations|||&#8221;][granitas_news title=&#8221;BLOG&#8221; link=&#8221;url:https%3A%2F%2Fbilet.az%2Fblog%2F|title:Blog||&#8221;][\/vc_column][\/vc_row]<\/p>\n","protected":false},"author":1,"featured_media":0,"parent":0,"menu_order":0,"comment_status":"closed","ping_status":"open","template":"","meta":{"footnotes":""},"class_list":["post-183","page","type-page","status-publish","hentry"],"yoast_head":"<!-- This site is optimized with the Yoast SEO plugin v27.5 - https:\/\/yoast.com\/product\/yoast-seo-wordpress\/ -->\n<title>\u041a\u0443\u043f\u0438\u0442\u044c \u043e\u043d\u043b\u0430\u0439\u043d \u0430\u0432\u0438\u0430\u0431\u0438\u043b\u0435\u0442\u044b \u0432 \u0411\u0430\u043a\u0443, \u041f\u043e\u0438\u0441\u043a \u0434\u0435\u0448\u0435\u0432\u044b\u0445 \u0430\u0432\u0438\u0430\u0431\u0438\u043b\u0435\u0442\u043e\u0432<\/title>\n<meta name=\"description\" content=\"\u041a\u0443\u043f\u0438\u0442\u044c \u043e\u043d\u043b\u0430\u0439\u043d \u0430\u0432\u0438\u0430\u0431\u0438\u043b\u0435\u0442\u044b \u0432 \u0410\u0437\u0435\u0440\u0431\u0430\u0439\u0434\u0436\u0430\u043d\u0435. \u0411\u044b\u0441\u0442\u0440\u044b\u0439 \u0438 \u0443\u0434\u043e\u0431\u043d\u044b\u0439 \u0441\u043f\u043e\u0441\u043e\u0431 \u043f\u043e\u0438\u0441\u043a\u0430 \u0434\u0435\u0448\u0435\u0432\u044b\u0445 \u0430\u0432\u0438\u0430\u0431\u0438\u043b\u0435\u0442\u043e\u0432 \u0432 \u0411\u0430\u043a\u0443. \u041a\u0443\u043f\u0438\u0442\u044c \u0431\u0438\u043b\u0435\u0442\u044b \u043d\u0430 \u0441\u0430\u043c\u0430\u043b\u0435\u0442.\" \/>\n<meta name=\"robots\" content=\"index, follow, max-snippet:-1, max-image-preview:large, max-video-preview:-1\" \/>\n<link rel=\"canonical\" href=\"https:\/\/bilet.az\/ru\/\" \/>\n<meta property=\"og:locale\" content=\"ru_RU\" \/>\n<meta property=\"og:type\" content=\"article\" \/>\n<meta property=\"og:title\" content=\"\u041a\u0443\u043f\u0438\u0442\u044c \u043e\u043d\u043b\u0430\u0439\u043d \u0430\u0432\u0438\u0430\u0431\u0438\u043b\u0435\u0442\u044b \u0432 \u0411\u0430\u043a\u0443, \u041f\u043e\u0438\u0441\u043a \u0434\u0435\u0448\u0435\u0432\u044b\u0445 \u0430\u0432\u0438\u0430\u0431\u0438\u043b\u0435\u0442\u043e\u0432\" \/>\n<meta property=\"og:description\" content=\"\u041a\u0443\u043f\u0438\u0442\u044c \u043e\u043d\u043b\u0430\u0439\u043d \u0430\u0432\u0438\u0430\u0431\u0438\u043b\u0435\u0442\u044b \u0432 \u0410\u0437\u0435\u0440\u0431\u0430\u0439\u0434\u0436\u0430\u043d\u0435. \u0411\u044b\u0441\u0442\u0440\u044b\u0439 \u0438 \u0443\u0434\u043e\u0431\u043d\u044b\u0439 \u0441\u043f\u043e\u0441\u043e\u0431 \u043f\u043e\u0438\u0441\u043a\u0430 \u0434\u0435\u0448\u0435\u0432\u044b\u0445 \u0430\u0432\u0438\u0430\u0431\u0438\u043b\u0435\u0442\u043e\u0432 \u0432 \u0411\u0430\u043a\u0443. \u041a\u0443\u043f\u0438\u0442\u044c \u0431\u0438\u043b\u0435\u0442\u044b \u043d\u0430 \u0441\u0430\u043c\u0430\u043b\u0435\u0442.\" \/>\n<meta property=\"og:url\" content=\"https:\/\/bilet.az\/ru\/\" \/>\n<meta property=\"og:site_name\" content=\"Bilet.az\" \/>\n<meta property=\"article:modified_time\" content=\"2022-06-25T14:36:57+00:00\" \/>\n<meta name=\"twitter:card\" content=\"summary_large_image\" \/>\n<meta name=\"twitter:label1\" content=\"\u041f\u0440\u0438\u043c\u0435\u0440\u043d\u043e\u0435 \u0432\u0440\u0435\u043c\u044f \u0434\u043b\u044f \u0447\u0442\u0435\u043d\u0438\u044f\" \/>\n\t<meta name=\"twitter:data1\" content=\"1 \u043c\u0438\u043d\u0443\u0442\u0430\" \/>\n<script type=\"application\/ld+json\" class=\"yoast-schema-graph\">{\"@context\":\"https:\\\/\\\/schema.org\",\"@graph\":[{\"@type\":\"WebPage\",\"@id\":\"https:\\\/\\\/bilet.az\\\/ru\\\/\",\"url\":\"https:\\\/\\\/bilet.az\\\/ru\\\/\",\"name\":\"\u041a\u0443\u043f\u0438\u0442\u044c \u043e\u043d\u043b\u0430\u0439\u043d \u0430\u0432\u0438\u0430\u0431\u0438\u043b\u0435\u0442\u044b \u0432 \u0411\u0430\u043a\u0443, \u041f\u043e\u0438\u0441\u043a \u0434\u0435\u0448\u0435\u0432\u044b\u0445 \u0430\u0432\u0438\u0430\u0431\u0438\u043b\u0435\u0442\u043e\u0432\",\"isPartOf\":{\"@id\":\"https:\\\/\\\/bilet.az\\\/#website\"},\"datePublished\":\"2020-03-01T07:09:49+00:00\",\"dateModified\":\"2022-06-25T14:36:57+00:00\",\"description\":\"\u041a\u0443\u043f\u0438\u0442\u044c \u043e\u043d\u043b\u0430\u0439\u043d \u0430\u0432\u0438\u0430\u0431\u0438\u043b\u0435\u0442\u044b \u0432 \u0410\u0437\u0435\u0440\u0431\u0430\u0439\u0434\u0436\u0430\u043d\u0435. \u0411\u044b\u0441\u0442\u0440\u044b\u0439 \u0438 \u0443\u0434\u043e\u0431\u043d\u044b\u0439 \u0441\u043f\u043e\u0441\u043e\u0431 \u043f\u043e\u0438\u0441\u043a\u0430 \u0434\u0435\u0448\u0435\u0432\u044b\u0445 \u0430\u0432\u0438\u0430\u0431\u0438\u043b\u0435\u0442\u043e\u0432 \u0432 \u0411\u0430\u043a\u0443. \u041a\u0443\u043f\u0438\u0442\u044c \u0431\u0438\u043b\u0435\u0442\u044b \u043d\u0430 \u0441\u0430\u043c\u0430\u043b\u0435\u0442.\",\"breadcrumb\":{\"@id\":\"https:\\\/\\\/bilet.az\\\/ru\\\/#breadcrumb\"},\"inLanguage\":\"ru-RU\",\"potentialAction\":[{\"@type\":\"ReadAction\",\"target\":[\"https:\\\/\\\/bilet.az\\\/ru\\\/\"]}]},{\"@type\":\"BreadcrumbList\",\"@id\":\"https:\\\/\\\/bilet.az\\\/ru\\\/#breadcrumb\",\"itemListElement\":[{\"@type\":\"ListItem\",\"position\":1,\"name\":\"Home\",\"item\":\"https:\\\/\\\/bilet.az\\\/ru\\\/\"},{\"@type\":\"ListItem\",\"position\":2,\"name\":\"Home Page\"}]},{\"@type\":\"WebSite\",\"@id\":\"https:\\\/\\\/bilet.az\\\/#website\",\"url\":\"https:\\\/\\\/bilet.az\\\/\",\"name\":\"Bilet.az\",\"description\":\"GranitAS\",\"potentialAction\":[{\"@type\":\"SearchAction\",\"target\":{\"@type\":\"EntryPoint\",\"urlTemplate\":\"https:\\\/\\\/bilet.az\\\/?s={search_term_string}\"},\"query-input\":{\"@type\":\"PropertyValueSpecification\",\"valueRequired\":true,\"valueName\":\"search_term_string\"}}],\"inLanguage\":\"ru-RU\"}]}<\/script>\n<!-- \/ Yoast SEO plugin. -->","yoast_head_json":{"title":"\u041a\u0443\u043f\u0438\u0442\u044c \u043e\u043d\u043b\u0430\u0439\u043d \u0430\u0432\u0438\u0430\u0431\u0438\u043b\u0435\u0442\u044b \u0432 \u0411\u0430\u043a\u0443, \u041f\u043e\u0438\u0441\u043a \u0434\u0435\u0448\u0435\u0432\u044b\u0445 \u0430\u0432\u0438\u0430\u0431\u0438\u043b\u0435\u0442\u043e\u0432","description":"\u041a\u0443\u043f\u0438\u0442\u044c \u043e\u043d\u043b\u0430\u0439\u043d \u0430\u0432\u0438\u0430\u0431\u0438\u043b\u0435\u0442\u044b \u0432 \u0410\u0437\u0435\u0440\u0431\u0430\u0439\u0434\u0436\u0430\u043d\u0435. \u0411\u044b\u0441\u0442\u0440\u044b\u0439 \u0438 \u0443\u0434\u043e\u0431\u043d\u044b\u0439 \u0441\u043f\u043e\u0441\u043e\u0431 \u043f\u043e\u0438\u0441\u043a\u0430 \u0434\u0435\u0448\u0435\u0432\u044b\u0445 \u0430\u0432\u0438\u0430\u0431\u0438\u043b\u0435\u0442\u043e\u0432 \u0432 \u0411\u0430\u043a\u0443. \u041a\u0443\u043f\u0438\u0442\u044c \u0431\u0438\u043b\u0435\u0442\u044b \u043d\u0430 \u0441\u0430\u043c\u0430\u043b\u0435\u0442.","robots":{"index":"index","follow":"follow","max-snippet":"max-snippet:-1","max-image-preview":"max-image-preview:large","max-video-preview":"max-video-preview:-1"},"canonical":"https:\/\/bilet.az\/ru\/","og_locale":"ru_RU","og_type":"article","og_title":"\u041a\u0443\u043f\u0438\u0442\u044c \u043e\u043d\u043b\u0430\u0439\u043d \u0430\u0432\u0438\u0430\u0431\u0438\u043b\u0435\u0442\u044b \u0432 \u0411\u0430\u043a\u0443, \u041f\u043e\u0438\u0441\u043a \u0434\u0435\u0448\u0435\u0432\u044b\u0445 \u0430\u0432\u0438\u0430\u0431\u0438\u043b\u0435\u0442\u043e\u0432","og_description":"\u041a\u0443\u043f\u0438\u0442\u044c \u043e\u043d\u043b\u0430\u0439\u043d \u0430\u0432\u0438\u0430\u0431\u0438\u043b\u0435\u0442\u044b \u0432 \u0410\u0437\u0435\u0440\u0431\u0430\u0439\u0434\u0436\u0430\u043d\u0435. \u0411\u044b\u0441\u0442\u0440\u044b\u0439 \u0438 \u0443\u0434\u043e\u0431\u043d\u044b\u0439 \u0441\u043f\u043e\u0441\u043e\u0431 \u043f\u043e\u0438\u0441\u043a\u0430 \u0434\u0435\u0448\u0435\u0432\u044b\u0445 \u0430\u0432\u0438\u0430\u0431\u0438\u043b\u0435\u0442\u043e\u0432 \u0432 \u0411\u0430\u043a\u0443. \u041a\u0443\u043f\u0438\u0442\u044c \u0431\u0438\u043b\u0435\u0442\u044b \u043d\u0430 \u0441\u0430\u043c\u0430\u043b\u0435\u0442.","og_url":"https:\/\/bilet.az\/ru\/","og_site_name":"Bilet.az","article_modified_time":"2022-06-25T14:36:57+00:00","twitter_card":"summary_large_image","twitter_misc":{"\u041f\u0440\u0438\u043c\u0435\u0440\u043d\u043e\u0435 \u0432\u0440\u0435\u043c\u044f \u0434\u043b\u044f \u0447\u0442\u0435\u043d\u0438\u044f":"1 \u043c\u0438\u043d\u0443\u0442\u0430"},"schema":{"@context":"https:\/\/schema.org","@graph":[{"@type":"WebPage","@id":"https:\/\/bilet.az\/ru\/","url":"https:\/\/bilet.az\/ru\/","name":"\u041a\u0443\u043f\u0438\u0442\u044c \u043e\u043d\u043b\u0430\u0439\u043d \u0430\u0432\u0438\u0430\u0431\u0438\u043b\u0435\u0442\u044b \u0432 \u0411\u0430\u043a\u0443, \u041f\u043e\u0438\u0441\u043a \u0434\u0435\u0448\u0435\u0432\u044b\u0445 \u0430\u0432\u0438\u0430\u0431\u0438\u043b\u0435\u0442\u043e\u0432","isPartOf":{"@id":"https:\/\/bilet.az\/#website"},"datePublished":"2020-03-01T07:09:49+00:00","dateModified":"2022-06-25T14:36:57+00:00","description":"\u041a\u0443\u043f\u0438\u0442\u044c \u043e\u043d\u043b\u0430\u0439\u043d \u0430\u0432\u0438\u0430\u0431\u0438\u043b\u0435\u0442\u044b \u0432 \u0410\u0437\u0435\u0440\u0431\u0430\u0439\u0434\u0436\u0430\u043d\u0435. \u0411\u044b\u0441\u0442\u0440\u044b\u0439 \u0438 \u0443\u0434\u043e\u0431\u043d\u044b\u0439 \u0441\u043f\u043e\u0441\u043e\u0431 \u043f\u043e\u0438\u0441\u043a\u0430 \u0434\u0435\u0448\u0435\u0432\u044b\u0445 \u0430\u0432\u0438\u0430\u0431\u0438\u043b\u0435\u0442\u043e\u0432 \u0432 \u0411\u0430\u043a\u0443. \u041a\u0443\u043f\u0438\u0442\u044c \u0431\u0438\u043b\u0435\u0442\u044b \u043d\u0430 \u0441\u0430\u043c\u0430\u043b\u0435\u0442.","breadcrumb":{"@id":"https:\/\/bilet.az\/ru\/#breadcrumb"},"inLanguage":"ru-RU","potentialAction":[{"@type":"ReadAction","target":["https:\/\/bilet.az\/ru\/"]}]},{"@type":"BreadcrumbList","@id":"https:\/\/bilet.az\/ru\/#breadcrumb","itemListElement":[{"@type":"ListItem","position":1,"name":"Home","item":"https:\/\/bilet.az\/ru\/"},{"@type":"ListItem","position":2,"name":"Home Page"}]},{"@type":"WebSite","@id":"https:\/\/bilet.az\/#website","url":"https:\/\/bilet.az\/","name":"Bilet.az","description":"GranitAS","potentialAction":[{"@type":"SearchAction","target":{"@type":"EntryPoint","urlTemplate":"https:\/\/bilet.az\/?s={search_term_string}"},"query-input":{"@type":"PropertyValueSpecification","valueRequired":true,"valueName":"search_term_string"}}],"inLanguage":"ru-RU"}]}},"_links":{"self":[{"href":"https:\/\/bilet.az\/ru\/wp-json\/wp\/v2\/pages\/183","targetHints":{"allow":["GET"]}}],"collection":[{"href":"https:\/\/bilet.az\/ru\/wp-json\/wp\/v2\/pages"}],"about":[{"href":"https:\/\/bilet.az\/ru\/wp-json\/wp\/v2\/types\/page"}],"author":[{"embeddable":true,"href":"https:\/\/bilet.az\/ru\/wp-json\/wp\/v2\/users\/1"}],"replies":[{"embeddable":true,"href":"https:\/\/bilet.az\/ru\/wp-json\/wp\/v2\/comments?post=183"}],"version-history":[{"count":7,"href":"https:\/\/bilet.az\/ru\/wp-json\/wp\/v2\/pages\/183\/revisions"}],"predecessor-version":[{"id":302,"href":"https:\/\/bilet.az\/ru\/wp-json\/wp\/v2\/pages\/183\/revisions\/302"}],"wp:attachment":[{"href":"https:\/\/bilet.az\/ru\/wp-json\/wp\/v2\/media?parent=183"}],"curies":[{"name":"wp","href":"https:\/\/api.w.org\/{rel}","templated":true}]}}